{"id":306,"date":"2020-01-13T11:17:52","date_gmt":"2020-01-13T11:17:52","guid":{"rendered":"https:\/\/demosites.io\/web-agency-gb\/?page_id=5"},"modified":"2025-11-27T09:12:44","modified_gmt":"2025-11-27T09:12:44","slug":"15c42-web-agency-gb-home","status":"publish","type":"page","link":"https:\/\/www.pujcitstipacku.cz\/","title":{"rendered":"Home"},"content":{"rendered":"\n<p class=\"has-text-align-right\"><strong>Tel.: +420 736 147 137                  Email: info@pujcitstipacku.cz<\/strong>      <\/p>\n\n\n\n<p><\/p>\n\n\n\n<p><\/p>\n\n\n\n<h1 class=\"wp-block-heading has-text-align-center\"><mark style=\"background-color:var(--nv-c-2)\" class=\"has-inline-color has-nv-dark-bg-color\">PROVOZ P\u0158ERU\u0160EN<\/mark><\/h1>\n\n\n\n<p><\/p>\n\n\n\n<p><\/p>\n\n\n\n<h1 class=\"wp-block-heading\">P\u016fj\u010den\u00ed \u0161t\u00edpac\u00edho poloautomatu Lumag SSA-400E<\/h1>\n\n\n\n<div class=\"wp-block-columns is-layout-flex wp-container-core-columns-is-layout-9d6595d7 wp-block-columns-is-layout-flex\">\n<div class=\"wp-block-column is-layout-flow wp-block-column-is-layout-flow\"><div class=\"wp-block-image icon-style is-style-rounded\">\n<figure class=\"aligncenter size-large\"><img decoding=\"async\" src=\"http:\/\/www.pujcitstipacku.cz\/wp-content\/uploads\/2020\/01\/neve-webdesign-GB-03.png\" alt=\"\" class=\"wp-image-20\" title=\"\"\/><\/figure>\n<\/div>\n\n\n<h3 class=\"wp-block-heading has-text-align-center has-neve-text-color-color has-text-color\">Zau\u010den\u00ed<\/h3>\n\n\n\n<p class=\"has-text-align-center\">Pr\u00e1ce se \u0161t\u00edpac\u00edm poloautomatem se nemus\u00edte ob\u00e1vat. Ovl\u00e1d\u00e1n\u00ed zvl\u00e1dne opravdu ka\u017ed\u00fd. P\u0159i zap\u016fj\u010den\u00ed stroj na m\u00edst\u011b sestav\u00edme, zprovozn\u00edme a V\u00e1s za\u0161kol\u00edme.<\/p>\n\n\n\n<div style=\"height:20px\" aria-hidden=\"true\" class=\"wp-block-spacer\"><\/div>\n<\/div>\n\n\n\n<div class=\"wp-block-column is-layout-flow wp-block-column-is-layout-flow\"><div class=\"wp-block-image icon-style is-style-rounded\">\n<figure class=\"aligncenter size-full\"><img loading=\"lazy\" decoding=\"async\" width=\"72\" height=\"72\" src=\"http:\/\/www.pujcitstipacku.cz\/wp-content\/uploads\/2020\/01\/neve-webdesign-GB-01.png\" alt=\"\" class=\"wp-image-217\"\/><\/figure>\n<\/div>\n\n\n<h3 class=\"wp-block-heading has-text-align-center has-neve-text-color-color has-text-color\">Zapojen\u00ed do elekt\u0159iny.<\/h3>\n\n\n\n<p class=\"has-text-align-center\">Pro provoz stroje je pot\u0159eba p\u0159ipojen\u00ed na z\u00e1suvku 400v\/16A. Redukce na r\u016fzn\u00e9 typy z\u00e1suvek p\u0159ivezeme se strojem a s nimi i kabel o d\u00e9lce 40m.<\/p>\n<\/div>\n\n\n\n<div class=\"wp-block-column is-layout-flow wp-block-column-is-layout-flow\"><div class=\"wp-block-image icon-style is-style-rounded\">\n<figure class=\"aligncenter size-full\"><img loading=\"lazy\" decoding=\"async\" width=\"72\" height=\"72\" src=\"http:\/\/www.pujcitstipacku.cz\/wp-content\/uploads\/2020\/01\/neve-webdesign-GB-04.png\" alt=\"\" class=\"wp-image-219\"\/><\/figure>\n<\/div>\n\n\n<h3 class=\"wp-block-heading has-text-align-center has-neve-text-color-color has-text-color\">Doprava<\/h3>\n\n\n\n<p class=\"has-text-align-center\">Stroj dovezeme na m\u00edsto \u0161t\u00edp\u00e1n\u00ed za rozumnou cenu, kterou si domluv\u00edme rovnou p\u0159i sjedn\u00e1n\u00ed term\u00ednu z\u00e1p\u016fj\u010dky.<\/p>\n\n\n\n<div style=\"height:20px\" aria-hidden=\"true\" class=\"wp-block-spacer\"><\/div>\n<\/div>\n<\/div>\n\n\n\n<p><\/p>\n\n\n\n<h2 class=\"wp-block-heading has-text-align-center\"><a href=\"https:\/\/www.instagram.com\/pujcitstipacku.cz\/\">Klikn\u011bte sem a pod\u00edvejte se na na\u0161em Instagramov\u00e9m \u00fa\u010dtu @pujcitstipacku.cz, jak poloautomat Lumag SSA 400 E pracuje u na\u0161ich spokojen\u00fdch z\u00e1kazn\u00edk\u016f.<\/a><\/h2>\n\n\n\n<ul class=\"wp-block-social-links aligncenter has-huge-icon-size is-content-justification-center is-layout-flex wp-container-core-social-links-is-layout-16018d1d wp-block-social-links-is-layout-flex\"><li class=\"wp-social-link wp-social-link-instagram  wp-block-social-link\"><a href=\"https:\/\/www.instagram.com\/pujcitstipacku.cz\/\" class=\"wp-block-social-link-anchor\"><svg width=\"24\" height=\"24\" viewBox=\"0 0 24 24\" version=\"1.1\" xmlns=\"http:\/\/www.w3.org\/2000\/svg\" aria-hidden=\"true\" focusable=\"false\"><path d=\"M12,4.622c2.403,0,2.688,0.009,3.637,0.052c0.877,0.04,1.354,0.187,1.671,0.31c0.42,0.163,0.72,0.358,1.035,0.673 c0.315,0.315,0.51,0.615,0.673,1.035c0.123,0.317,0.27,0.794,0.31,1.671c0.043,0.949,0.052,1.234,0.052,3.637 s-0.009,2.688-0.052,3.637c-0.04,0.877-0.187,1.354-0.31,1.671c-0.163,0.42-0.358,0.72-0.673,1.035 c-0.315,0.315-0.615,0.51-1.035,0.673c-0.317,0.123-0.794,0.27-1.671,0.31c-0.949,0.043-1.233,0.052-3.637,0.052 s-2.688-0.009-3.637-0.052c-0.877-0.04-1.354-0.187-1.671-0.31c-0.42-0.163-0.72-0.358-1.035-0.673 c-0.315-0.315-0.51-0.615-0.673-1.035c-0.123-0.317-0.27-0.794-0.31-1.671C4.631,14.688,4.622,14.403,4.622,12 s0.009-2.688,0.052-3.637c0.04-0.877,0.187-1.354,0.31-1.671c0.163-0.42,0.358-0.72,0.673-1.035 c0.315-0.315,0.615-0.51,1.035-0.673c0.317-0.123,0.794-0.27,1.671-0.31C9.312,4.631,9.597,4.622,12,4.622 M12,3 C9.556,3,9.249,3.01,8.289,3.054C7.331,3.098,6.677,3.25,6.105,3.472C5.513,3.702,5.011,4.01,4.511,4.511 c-0.5,0.5-0.808,1.002-1.038,1.594C3.25,6.677,3.098,7.331,3.054,8.289C3.01,9.249,3,9.556,3,12c0,2.444,0.01,2.751,0.054,3.711 c0.044,0.958,0.196,1.612,0.418,2.185c0.23,0.592,0.538,1.094,1.038,1.594c0.5,0.5,1.002,0.808,1.594,1.038 c0.572,0.222,1.227,0.375,2.185,0.418C9.249,20.99,9.556,21,12,21s2.751-0.01,3.711-0.054c0.958-0.044,1.612-0.196,2.185-0.418 c0.592-0.23,1.094-0.538,1.594-1.038c0.5-0.5,0.808-1.002,1.038-1.594c0.222-0.572,0.375-1.227,0.418-2.185 C20.99,14.751,21,14.444,21,12s-0.01-2.751-0.054-3.711c-0.044-0.958-0.196-1.612-0.418-2.185c-0.23-0.592-0.538-1.094-1.038-1.594 c-0.5-0.5-1.002-0.808-1.594-1.038c-0.572-0.222-1.227-0.375-2.185-0.418C14.751,3.01,14.444,3,12,3L12,3z M12,7.378 c-2.552,0-4.622,2.069-4.622,4.622S9.448,16.622,12,16.622s4.622-2.069,4.622-4.622S14.552,7.378,12,7.378z M12,15 c-1.657,0-3-1.343-3-3s1.343-3,3-3s3,1.343,3,3S13.657,15,12,15z M16.804,6.116c-0.596,0-1.08,0.484-1.08,1.08 s0.484,1.08,1.08,1.08c0.596,0,1.08-0.484,1.08-1.08S17.401,6.116,16.804,6.116z\"><\/path><\/svg><span class=\"wp-block-social-link-label screen-reader-text\">Instagram<\/span><\/a><\/li><\/ul>\n\n\n\n<div class=\"wp-block-cover alignfull\" style=\"min-height:928px;aspect-ratio:unset;\"><span aria-hidden=\"true\" class=\"wp-block-cover__background has-nv-light-bg-background-color has-background-dim-100 has-background-dim\"><\/span><div class=\"wp-block-cover__inner-container is-layout-flow wp-block-cover-is-layout-flow\">\n<div class=\"wp-block-group\"><div class=\"wp-block-group__inner-container is-layout-flow wp-block-group-is-layout-flow\">\n<div class=\"wp-block-columns are-vertically-aligned-center is-layout-flex wp-container-core-columns-is-layout-9d6595d7 wp-block-columns-is-layout-flex\">\n<div class=\"wp-block-column is-vertically-aligned-center is-layout-flow wp-block-column-is-layout-flow\" style=\"flex-basis:50%\">\n<figure class=\"wp-block-image size-large\"><img loading=\"lazy\" decoding=\"async\" width=\"1024\" height=\"576\" src=\"https:\/\/www.pujcitstipacku.cz\/wp-content\/uploads\/2023\/05\/IMG_8771-1024x576.jpeg\" alt=\"\" class=\"wp-image-373\" srcset=\"https:\/\/www.pujcitstipacku.cz\/wp-content\/uploads\/2023\/05\/IMG_8771-1024x576.jpeg 1024w, https:\/\/www.pujcitstipacku.cz\/wp-content\/uploads\/2023\/05\/IMG_8771-300x169.jpeg 300w, https:\/\/www.pujcitstipacku.cz\/wp-content\/uploads\/2023\/05\/IMG_8771-768x432.jpeg 768w, https:\/\/www.pujcitstipacku.cz\/wp-content\/uploads\/2023\/05\/IMG_8771-1536x864.jpeg 1536w, https:\/\/www.pujcitstipacku.cz\/wp-content\/uploads\/2023\/05\/IMG_8771-2048x1152.jpeg 2048w\" sizes=\"auto, (max-width: 1024px) 100vw, 1024px\" \/><\/figure>\n\n\n\t\t<div class='wp-block-vpb-video  align' id='vpbVideoPlayer-7b546c06-1' data-attributes='{&quot;clientId&quot;:&quot;7b546c06-1&quot;,&quot;source&quot;:&quot;http:\\\/\\\/www.pujcitstipacku.cz\\\/wp-content\\\/uploads\\\/2023\\\/07\\\/ddb92d20-1b35-43ab-aece-583e74f25619-1-1.mp4&quot;,&quot;align&quot;:&quot;&quot;,&quot;poster&quot;:&quot;&quot;,&quot;controls&quot;:{&quot;play-large&quot;:true,&quot;restart&quot;:false,&quot;rewind&quot;:true,&quot;play&quot;:true,&quot;fast-forward&quot;:true,&quot;progress&quot;:true,&quot;current-time&quot;:true,&quot;duration&quot;:false,&quot;mute&quot;:true,&quot;volume&quot;:true,&quot;pip&quot;:false,&quot;airplay&quot;:false,&quot;settings&quot;:true,&quot;download&quot;:false,&quot;fullscreen&quot;:true},&quot;width&quot;:&quot;100%&quot;,&quot;radius&quot;:&quot;0px&quot;,&quot;repeat&quot;:false,&quot;autoplay&quot;:false,&quot;muted&quot;:false,&quot;resetOnEnd&quot;:false,&quot;autoHideControl&quot;:true,&quot;hasCustomCSS&quot;:false,&quot;customCSS&quot;:&quot;&quot;,&quot;otterConditions&quot;:[]}'><\/div>\n\n\t\t<\/div>\n\n\n\n<div class=\"wp-block-column is-vertically-aligned-center is-layout-flow wp-block-column-is-layout-flow\" style=\"flex-basis:50%\">\n<div style=\"height:20px\" aria-hidden=\"true\" class=\"wp-block-spacer\"><\/div>\n\n\n\n<h2 class=\"wp-block-heading has-text-align-center has-neve-text-color-color has-text-color\">Z\u00e1kladn\u00ed parametry<\/h2>\n\n\n\n<figure class=\"wp-block-table\"><table><tbody><tr><td><mark style=\"background-color:rgba(0, 0, 0, 0)\" class=\"has-inline-color has-nv-dark-bg-color\">Pohon:<\/mark><\/td><td><mark style=\"background-color:rgba(0, 0, 0, 0)\" class=\"has-inline-color has-nv-dark-bg-color\">elektormotor 7,5 kW, 16A<\/mark><\/td><\/tr><tr><td><mark style=\"background-color:rgba(0, 0, 0, 0)\" class=\"has-inline-color has-nv-dark-bg-color\">Hydromotor pohonu pily<\/mark><\/td><td><mark style=\"background-color:rgba(0, 0, 0, 0)\" class=\"has-inline-color has-neve-text-color-color\">a\u017e 7200 ot.\/min.<\/mark><\/td><\/tr><tr><td><mark style=\"background-color:rgba(0, 0, 0, 0)\" class=\"has-inline-color has-neve-text-color-color\">Minim\u00e1ln\u00ed d\u00e9lka polena<\/mark><\/td><td><mark style=\"background-color:rgba(0, 0, 0, 0)\" class=\"has-inline-color has-neve-text-color-color\">20 cm<\/mark><\/td><\/tr><tr><td><mark style=\"background-color:rgba(0, 0, 0, 0)\" class=\"has-inline-color has-neve-text-color-color\">Maxim\u00e1ln\u00ed d\u00e9lka polena<\/mark><\/td><td><mark style=\"background-color:rgba(0, 0, 0, 0)\" class=\"has-inline-color has-neve-text-color-color\">50 cm<\/mark><\/td><\/tr><tr><td><mark style=\"background-color:rgba(0, 0, 0, 0)\" class=\"has-inline-color has-neve-text-color-color\">Maxim\u00e1ln\u00ed pr\u016f\u0159ez kmene<\/mark><\/td><td><mark style=\"background-color:rgba(0, 0, 0, 0)\" class=\"has-inline-color has-neve-text-color-color\">30 cm<\/mark><\/td><\/tr><tr><td><mark style=\"background-color:rgba(0, 0, 0, 0)\" class=\"has-inline-color has-neve-text-color-color\">\u0160t\u00edpac\u00ed tlak<\/mark><\/td><td><mark style=\"background-color:rgba(0, 0, 0, 0)\" class=\"has-inline-color has-neve-text-color-color\">10 t<\/mark><\/td><\/tr><tr><td><mark style=\"background-color:rgba(0, 0, 0, 0)\" class=\"has-inline-color has-neve-text-color-color\">P\u0159epravn\u00ed rozm\u011bry&nbsp;(Dx\u0160xV)<\/mark><\/td><td><mark style=\"background-color:rgba(0, 0, 0, 0)\" class=\"has-inline-color has-neve-text-color-color\">190 x 90 x 150 cm<\/mark><\/td><\/tr><tr><td><mark style=\"background-color:rgba(0, 0, 0, 0)\" class=\"has-inline-color has-neve-text-color-color\">V\u00fd\u0161ka dopravn\u00edku<\/mark><\/td><td><mark style=\"background-color:rgba(0, 0, 0, 0)\" class=\"has-inline-color has-neve-text-color-color\">2,5 m<\/mark><\/td><\/tr><tr><td><mark style=\"background-color:rgba(0, 0, 0, 0)\" class=\"has-inline-color has-neve-text-color-color\">V\u00fdkon<\/mark><\/td><td><mark style=\"background-color:rgba(0, 0, 0, 0)\" class=\"has-inline-color has-neve-text-color-color\">3 -5  PRMS\/hod<\/mark><\/td><\/tr><\/tbody><\/table><\/figure>\n<\/div>\n<\/div>\n<\/div><\/div>\n<\/div><\/div>\n\n\n\n<h1 id=\"wp-block-themeisle-blocks-advanced-heading-fcee754a\" class=\"wp-block-themeisle-blocks-advanced-heading wp-block-themeisle-blocks-advanced-heading-fcee754a\">Cena p\u016fj\u010den\u00ed K\u010d\/den<\/h1>\n\n\n\n<p>&#8211; v cen\u011b pron\u00e1jmu dostanete olej na maz\u00e1n\u00ed \u0159et\u011bzu, n\u00e1hradn\u00ed ostr\u00e9 \u0159et\u011bzy, kabel o d\u00e9lce 40m a redukce na r\u016fzn\u00e9 druhy z\u00e1suvek<\/p>\n\n\n\n<p>&#8211; kauce <strong>10 000 K\u010d<\/strong> pro p\u0159\u00edpad po\u0161kozen\u00ed stroje<\/p>\n\n\n\n<p>&#8211; p\u016fj\u010dujeme v okol\u00ed m\u011bst Nymburk, Pod\u011bbrady, Kol\u00edn, Kutn\u00e1 hora, Chlumec nad Cidlinou, Ji\u010d\u00edn, Mlad\u00e1 Boleslav, Nov\u00fd Byd\u017eov<\/p>\n\n\n\n<div class=\"wp-block-columns is-layout-flex wp-container-core-columns-is-layout-9d6595d7 wp-block-columns-is-layout-flex\">\n<div class=\"wp-block-column is-layout-flow wp-block-column-is-layout-flow\" style=\"flex-basis:100%\">\n<div class=\"wp-block-cover alignfull\" style=\"min-height:380px;aspect-ratio:unset;\"><span aria-hidden=\"true\" class=\"wp-block-cover__background has-nv-dark-bg-background-color has-background-dim-100 has-background-dim\"><\/span><div class=\"wp-block-cover__inner-container is-layout-flow wp-block-cover-is-layout-flow\">\n<div class=\"wp-block-group\"><div class=\"wp-block-group__inner-container is-layout-flow wp-block-group-is-layout-flow\">\n<h2 class=\"wp-block-heading has-text-align-center has-nv-text-dark-bg-color has-text-color\">Kontakt pro objedn\u00e1n\u00ed POLOAUTOMATU<\/h2>\n\n\n\n<div class=\"wp-block-columns is-layout-flex wp-container-core-columns-is-layout-9d6595d7 wp-block-columns-is-layout-flex\">\n<div class=\"wp-block-column is-layout-flow wp-block-column-is-layout-flow\"><div class=\"wp-block-image\">\n<figure class=\"aligncenter size-full is-resized\"><img loading=\"lazy\" decoding=\"async\" width=\"63\" height=\"63\" src=\"http:\/\/www.pujcitstipacku.cz\/wp-content\/uploads\/2021\/06\/phone-sm.png\" alt=\"\" class=\"wp-image-304\" style=\"width:86px;height:86px\"\/><\/figure>\n<\/div>\n\n\n<h3 id=\"wp-block-themeisle-blocks-advanced-heading-a3f7c1a1\" class=\"wp-block-themeisle-blocks-advanced-heading wp-block-themeisle-blocks-advanced-heading-a3f7c1a1\"><strong>Tel.: +420 &nbsp;736 147 137<\/strong><\/h3>\n<\/div>\n\n\n\n<div class=\"wp-block-column is-layout-flow wp-block-column-is-layout-flow\"><div class=\"wp-block-image\">\n<figure class=\"aligncenter size-full is-resized\"><img loading=\"lazy\" decoding=\"async\" width=\"65\" height=\"65\" src=\"http:\/\/www.pujcitstipacku.cz\/wp-content\/uploads\/2021\/06\/email-sm.png\" alt=\"\" class=\"wp-image-315\" style=\"width:90px;height:90px\"\/><\/figure>\n<\/div>\n\n\n<h3 id=\"wp-block-themeisle-blocks-advanced-heading-4952f390\" class=\"wp-block-themeisle-blocks-advanced-heading wp-block-themeisle-blocks-advanced-heading-4952f390\"><strong>info@pujcitstipacku.cz<\/strong><\/h3>\n<\/div>\n<\/div>\n<\/div><\/div>\n<\/div><\/div>\n<\/div>\n<\/div>\n\n\n\n<figure class=\"wp-block-gallery has-nested-images columns-default is-cropped wp-block-gallery-1 is-layout-flex wp-block-gallery-is-layout-flex\">\n<figure class=\"wp-block-image size-large\"><img loading=\"lazy\" decoding=\"async\" width=\"1024\" height=\"576\" data-id=\"371\" src=\"https:\/\/www.pujcitstipacku.cz\/wp-content\/uploads\/2023\/05\/IMG_8758-1024x576.jpeg\" alt=\"\" class=\"wp-image-371\" srcset=\"https:\/\/www.pujcitstipacku.cz\/wp-content\/uploads\/2023\/05\/IMG_8758-1024x576.jpeg 1024w, https:\/\/www.pujcitstipacku.cz\/wp-content\/uploads\/2023\/05\/IMG_8758-300x169.jpeg 300w, https:\/\/www.pujcitstipacku.cz\/wp-content\/uploads\/2023\/05\/IMG_8758-768x432.jpeg 768w, https:\/\/www.pujcitstipacku.cz\/wp-content\/uploads\/2023\/05\/IMG_8758-1536x864.jpeg 1536w, https:\/\/www.pujcitstipacku.cz\/wp-content\/uploads\/2023\/05\/IMG_8758-2048x1152.jpeg 2048w\" sizes=\"auto, (max-width: 1024px) 100vw, 1024px\" \/><\/figure>\n\n\n\n<figure class=\"wp-block-image size-large\"><img loading=\"lazy\" decoding=\"async\" width=\"576\" height=\"1024\" data-id=\"369\" src=\"https:\/\/www.pujcitstipacku.cz\/wp-content\/uploads\/2023\/05\/IMG_8765-576x1024.jpeg\" alt=\"\" class=\"wp-image-369\" srcset=\"https:\/\/www.pujcitstipacku.cz\/wp-content\/uploads\/2023\/05\/IMG_8765-576x1024.jpeg 576w, https:\/\/www.pujcitstipacku.cz\/wp-content\/uploads\/2023\/05\/IMG_8765-169x300.jpeg 169w, https:\/\/www.pujcitstipacku.cz\/wp-content\/uploads\/2023\/05\/IMG_8765-768x1365.jpeg 768w, https:\/\/www.pujcitstipacku.cz\/wp-content\/uploads\/2023\/05\/IMG_8765-864x1536.jpeg 864w, https:\/\/www.pujcitstipacku.cz\/wp-content\/uploads\/2023\/05\/IMG_8765-1152x2048.jpeg 1152w, https:\/\/www.pujcitstipacku.cz\/wp-content\/uploads\/2023\/05\/IMG_8765-scaled.jpeg 1440w\" sizes=\"auto, (max-width: 576px) 100vw, 576px\" \/><\/figure>\n\n\n\n<figure class=\"wp-block-image size-large\"><img loading=\"lazy\" decoding=\"async\" width=\"1024\" height=\"576\" data-id=\"368\" src=\"https:\/\/www.pujcitstipacku.cz\/wp-content\/uploads\/2023\/05\/IMG_8768-1024x576.jpeg\" alt=\"\" class=\"wp-image-368\" srcset=\"https:\/\/www.pujcitstipacku.cz\/wp-content\/uploads\/2023\/05\/IMG_8768-1024x576.jpeg 1024w, https:\/\/www.pujcitstipacku.cz\/wp-content\/uploads\/2023\/05\/IMG_8768-300x169.jpeg 300w, https:\/\/www.pujcitstipacku.cz\/wp-content\/uploads\/2023\/05\/IMG_8768-768x432.jpeg 768w, https:\/\/www.pujcitstipacku.cz\/wp-content\/uploads\/2023\/05\/IMG_8768-1536x864.jpeg 1536w, https:\/\/www.pujcitstipacku.cz\/wp-content\/uploads\/2023\/05\/IMG_8768-2048x1152.jpeg 2048w\" sizes=\"auto, (max-width: 1024px) 100vw, 1024px\" \/><\/figure>\n\n\n\n<figure class=\"wp-block-image size-large\"><img loading=\"lazy\" decoding=\"async\" width=\"576\" height=\"1024\" data-id=\"367\" src=\"https:\/\/www.pujcitstipacku.cz\/wp-content\/uploads\/2023\/05\/IMG_8770-576x1024.jpeg\" alt=\"\" class=\"wp-image-367\" srcset=\"https:\/\/www.pujcitstipacku.cz\/wp-content\/uploads\/2023\/05\/IMG_8770-576x1024.jpeg 576w, https:\/\/www.pujcitstipacku.cz\/wp-content\/uploads\/2023\/05\/IMG_8770-169x300.jpeg 169w, https:\/\/www.pujcitstipacku.cz\/wp-content\/uploads\/2023\/05\/IMG_8770-768x1365.jpeg 768w, https:\/\/www.pujcitstipacku.cz\/wp-content\/uploads\/2023\/05\/IMG_8770-864x1536.jpeg 864w, https:\/\/www.pujcitstipacku.cz\/wp-content\/uploads\/2023\/05\/IMG_8770-1152x2048.jpeg 1152w, https:\/\/www.pujcitstipacku.cz\/wp-content\/uploads\/2023\/05\/IMG_8770-scaled.jpeg 1440w\" sizes=\"auto, (max-width: 576px) 100vw, 576px\" \/><\/figure>\n\n\n\n<figure class=\"wp-block-image size-large\"><img loading=\"lazy\" decoding=\"async\" width=\"1024\" height=\"576\" data-id=\"372\" src=\"http:\/\/www.pujcitstipacku.cz\/wp-content\/uploads\/2023\/05\/IMG_8766-1024x576.jpeg\" alt=\"\" class=\"wp-image-372\" srcset=\"https:\/\/www.pujcitstipacku.cz\/wp-content\/uploads\/2023\/05\/IMG_8766-1024x576.jpeg 1024w, https:\/\/www.pujcitstipacku.cz\/wp-content\/uploads\/2023\/05\/IMG_8766-300x169.jpeg 300w, https:\/\/www.pujcitstipacku.cz\/wp-content\/uploads\/2023\/05\/IMG_8766-768x432.jpeg 768w, https:\/\/www.pujcitstipacku.cz\/wp-content\/uploads\/2023\/05\/IMG_8766-1536x864.jpeg 1536w, https:\/\/www.pujcitstipacku.cz\/wp-content\/uploads\/2023\/05\/IMG_8766-2048x1152.jpeg 2048w\" sizes=\"auto, (max-width: 1024px) 100vw, 1024px\" \/><\/figure>\n<\/figure>\n","protected":false},"excerpt":{"rendered":"<p>Tel.: +420 736 147 137 Email: info@pujcitstipacku.cz PROVOZ P\u0158ERU\u0160EN P\u016fj\u010den\u00ed \u0161t\u00edpac\u00edho poloautomatu Lumag SSA-400E Zau\u010den\u00ed Pr\u00e1ce se \u0161t\u00edpac\u00edm poloautomatem se nemus\u00edte ob\u00e1vat. Ovl\u00e1d\u00e1n\u00ed zvl\u00e1dne opravdu ka\u017ed\u00fd. P\u0159i zap\u016fj\u010den\u00ed stroj na m\u00edst\u011b sestav\u00edme, zprovozn\u00edme a V\u00e1s za\u0161kol\u00edme. Zapojen\u00ed do elekt\u0159iny. Pro provoz stroje je pot\u0159eba p\u0159ipojen\u00ed na z\u00e1suvku 400v\/16A. Redukce na r\u016fzn\u00e9 typy z\u00e1suvek p\u0159ivezeme se&hellip;&nbsp;<a href=\"https:\/\/www.pujcitstipacku.cz\/\" class=\"\" rel=\"bookmark\">\u010c\u00edst d\u00e1le &raquo;<span class=\"screen-reader-text\">Home<\/span><\/a><\/p>\n","protected":false},"author":1,"featured_media":318,"parent":0,"menu_order":0,"comment_status":"closed","ping_status":"closed","template":"","meta":{"neve_meta_sidebar":"default","neve_meta_container":"default","neve_meta_enable_content_width":"on","neve_meta_content_width":100,"neve_meta_title_alignment":"","neve_meta_author_avatar":"","neve_post_elements_order":"","neve_meta_disable_header":"","neve_meta_disable_footer":"","neve_meta_disable_title":"on","_themeisle_gutenberg_block_has_review":false,"_ti_tpc_template_sync":false,"_ti_tpc_template_id":"5udqur826ojgsxrmsxsc","footnotes":""},"class_list":["post-306","page","type-page","status-publish","has-post-thumbnail","hentry"],"_links":{"self":[{"href":"https:\/\/www.pujcitstipacku.cz\/index.php?rest_route=\/wp\/v2\/pages\/306","targetHints":{"allow":["GET"]}}],"collection":[{"href":"https:\/\/www.pujcitstipacku.cz\/index.php?rest_route=\/wp\/v2\/pages"}],"about":[{"href":"https:\/\/www.pujcitstipacku.cz\/index.php?rest_route=\/wp\/v2\/types\/page"}],"author":[{"embeddable":true,"href":"https:\/\/www.pujcitstipacku.cz\/index.php?rest_route=\/wp\/v2\/users\/1"}],"replies":[{"embeddable":true,"href":"https:\/\/www.pujcitstipacku.cz\/index.php?rest_route=%2Fwp%2Fv2%2Fcomments&post=306"}],"version-history":[{"count":32,"href":"https:\/\/www.pujcitstipacku.cz\/index.php?rest_route=\/wp\/v2\/pages\/306\/revisions"}],"predecessor-version":[{"id":425,"href":"https:\/\/www.pujcitstipacku.cz\/index.php?rest_route=\/wp\/v2\/pages\/306\/revisions\/425"}],"wp:featuredmedia":[{"embeddable":true,"href":"https:\/\/www.pujcitstipacku.cz\/index.php?rest_route=\/wp\/v2\/media\/318"}],"wp:attachment":[{"href":"https:\/\/www.pujcitstipacku.cz\/index.php?rest_route=%2Fwp%2Fv2%2Fmedia&parent=306"}],"curies":[{"name":"wp","href":"https:\/\/api.w.org\/{rel}","templated":true}]}}